{"id":11857,"date":"2025-10-20T19:18:57","date_gmt":"2025-10-20T17:18:57","guid":{"rendered":"https:\/\/digihunting.com\/?page_id=11857"},"modified":"2025-10-20T19:18:58","modified_gmt":"2025-10-20T17:18:58","slug":"politica-de-cookies","status":"publish","type":"page","link":"https:\/\/digihunting.com\/en\/politica-de-cookies\/","title":{"rendered":"Pol\u00edtica de cookies"},"content":{"rendered":"<p><strong>1.- Informaci\u00f3n general sobre la navegaci\u00f3n con cookies.<\/strong><\/p>\n\n\n\n<p>Los responsables de digihunting.com (el \u00absitio web\u00bb) ponen en conocimiento de los usuarios que dicho sitio utiliza una tecnolog\u00eda llamada \u201ccookies\u201d, con la finalidad de personalizar, mejorar la experiencia de navegaci\u00f3n y \/ o usabilidad, mejorar la seguridad, as\u00ed como recabar informaci\u00f3n acerca del uso del sitio web, que permita medir el uso del sitio web y realizar estad\u00edsticas.<\/p>\n\n\n\n<p>La presente pol\u00edtica de cookies tiene por finalidad informar al usuario de manera clara y precisa sobre las cookies utilizadas en el sitio web web, su eventual aceptaci\u00f3n por parte del usuario, as\u00ed como la posibilidad que ostenta el usuario de proceder al bloqueo, eliminaci\u00f3n y deshabilitaci\u00f3n de las cookies.<\/p>\n\n\n\n<p>Se informa a los usuarios que una cookie es un archivo que se descarga en el equipo (ordenador o dispositivo m\u00f3vil) del usuario con la finalidad de almacenar datos, que podr\u00e1n ser posteriormente recuperados por la entidad responsable de la instalaci\u00f3n de cada una de las cookies. Las cookies permiten, entre otras cosas, almacenar y recuperar informaci\u00f3n sobre los h\u00e1bitos de navegaci\u00f3n de un usuario y su equipo y, dependiendo de la informaci\u00f3n que contengan y de la forma en que utilice su equipo, pueden utilizarse para reconocer al usuario.<\/p>\n\n\n\n<p>Se informa a los usuarios que, en ning\u00fan caso, ser\u00e1n utilizadas en el sitio web web la descarga de cookies, o la navegaci\u00f3n con cookies, para recabar informaci\u00f3n o datos de car\u00e1cter personal o confidencial del usuario, sino que esta tecnolog\u00eda es empleada, exclusivamente, para las finalidades descritas en la presente pol\u00edtica de cookies.<\/p>\n\n\n\n<p>As\u00ed, la informaci\u00f3n recabada a trav\u00e9s de las cookies utilizadas por el sitio web web puede incluir informaci\u00f3n como fecha y hora de visita a la p\u00e1gina web, p\u00e1ginas visionadas, duraci\u00f3n (tiempo) de la navegaci\u00f3n a trav\u00e9s de la p\u00e1gina web, y otra informaci\u00f3n an\u00e1loga.<\/p>\n\n\n\n<p><strong>2.- Tipos de cookies utilizadas en la p\u00e1gina web.<\/strong><\/p>\n\n\n\n<p>La p\u00e1gina web utiliza las cookies que se describen a continuaci\u00f3n:<\/p>\n\n\n\n<p>I.- Cookies propias.<\/p>\n\n\n\n<p>Las cookies propias son aquellas enviadas al equipo del usuario y gestionadas por los responsables de el sitio web web, y cuya finalidad es la de mejorar el funcionamiento y usabilidad del presente sitio web, as\u00ed como la calidad de la informaci\u00f3n puesta a disposici\u00f3n del p\u00fablico a trav\u00e9s del mismo, y la experiencia como usuario.<\/p>\n\n\n\n<p>Las cookies propias implementadas en el sitio web web permiten al usuario mejorar la personalizaci\u00f3n de su navegaci\u00f3n por el sitio web, y posibilitan la mejora en la utilizaci\u00f3n de diferentes opciones o servicios del sitio web por parte del usuario.<\/p>\n\n\n\n<p>Las cookies propias utilizadas por la presente p\u00e1gina web son de la siguiente tipolog\u00eda:<\/p>\n\n\n\n<p>Cookies t\u00e9cnicas: Son aquellas que permiten al usuario la navegaci\u00f3n a trav\u00e9s de la p\u00e1gina web, plataforma o aplicaci\u00f3n, y la utilizaci\u00f3n de las diferentes opciones o servicios que en ella existan, como por ejemplo, identificar la sesi\u00f3n, acceder a partes de acceso restringido, o utilizar elementos de seguridad en la navegaci\u00f3n, entre otras finalidades.<br>Cookies de personalizaci\u00f3n: Son aquellas que permiten al usuario acceder al servicio con algunas caracter\u00edsticas de car\u00e1cter general predefinidas, como por ejemplo, el idioma o el tipo de navegador a trav\u00e9s del cual accede al servicio.<\/p>\n\n\n\n<p>II.- Cookies de terceros.<\/p>\n\n\n\n<p>Las cookies de terceros son aquellas enviadas al equipo del usuario gestionadas por un dominio o responsable diferente a los responsables de el sitio web web. Los responsables de el sitio web web no acceden, ni pueden acceder, a los datos almacenados en las cookies de terceros.<\/p>\n\n\n\n<p>Cookies de DoubleClick:<\/p>\n\n\n\n<p>El sitio web web utiliza cookies de terceros, en concreto, las denominadas cookies de publicidad de DoubleClick, desarrolladas y gestionadas por la entidad Google, Inc<\/p>\n\n\n\n<p>Utilizamos cookies para hacer que la publicidad sea m\u00e1s atractiva para los usuarios y m\u00e1s valiosa para los editores y anunciantes. Las cookies suelen utilizarse para seleccionar anuncios basados en contenido que es relevante para un usuario, mejorar los informes de rendimiento de la campa\u00f1a y evitar mostrar anuncios que el usuario ya haya visto.<\/p>\n\n\n\n<p>Google utiliza cookies, como NID y SID, para personalizar los anuncios que se muestran en sus propiedades (p. ej., en el buscador de Google). Por ejemplo, utilizamos estas cookies para recordar tus b\u00fasquedas m\u00e1s recientes, tus interacciones anteriores con los resultados de b\u00fasqueda o con la publicidad de un anunciante y tus visitas al sitio web de un anunciante. De ese modo, podemos mostrarte anuncios personalizados en Google.<\/p>\n\n\n\n<p>Tambi\u00e9n utilizamos cookies para los anuncios que mostramos en toda la Web. Nuestra principal cookie publicitaria en los sitios web que no pertenecen a Google se denomina \u00abid\u00bb y se almacena en navegadores en el dominio doubleclick.net. Tambi\u00e9n utilizamos otras cookies denominadas \u00ab_drt_\u00bb, \u00abFLC\u00bb y \u00abexchange_uid\u00bb. Estas cookies tambi\u00e9n se pueden utilizar en otras propiedades de Google (p. ej., en YouTube) para mostrarte anuncios m\u00e1s relevantes.<\/p>\n\n\n\n<p>En algunos casos, puede haber una cookie habilitada en el dominio de un sitio web al que hayas accedido. En el caso de DoubleClick, puede haber una cookie \u00ab__gads\u00bb habilitada en el dominio del sitio web que est\u00e9s visitando. A diferencia de lo que sucede con las cookies habilitadas en sus propios dominios, Google no puede leer esta cookie cuando te encuentras en otro sitio web. Su funci\u00f3n consiste, entre otras cosas, en medir las interacciones con los anuncios incluidos en ese dominio y evitar que veas la misma publicidad demasiadas veces.<\/p>\n\n\n\n<p>Google tambi\u00e9n utiliza varias cookies de conversi\u00f3n cuya finalidad principal es ayudar a los anunciantes a determinar el n\u00famero de veces que las personas que hacen clic en sus anuncios terminan comprando sus productos. Estas cookies permiten a Google y al anunciante determinar que has hecho clic en el anuncio y que has accedido posteriormente al sitio web del anunciante. Sin embargo, las cookies de conversi\u00f3n solo duran un per\u00edodo de tiempo limitado y Google no las utiliza para la segmentaci\u00f3n de anuncios por intereses. Normalmente, estas cookies se habilitan en los dominios \u00abgoogleadservices.com\u00bb o \u00abgoogle.com\/ads\u00bb y se denominan \u00abConversion\u00bb y \u00abTAID\u00bb. Los datos de las cookies de conversi\u00f3n tambi\u00e9n se pueden utilizar junto con tu cuenta de Google para vincular eventos de conversi\u00f3n en diferentes dispositivos que utilices. Solo se comparten con los anunciantes los datos an\u00f3nimos recopilados a trav\u00e9s de estas cookies.<\/p>\n\n\n\n<p>Tambi\u00e9n se pueden utilizar algunas de nuestras otras cookies para la medici\u00f3n de eventos de conversi\u00f3n. Por ejemplo, tambi\u00e9n se pueden usar con esta finalidad las cookies de DoubleClick y de Google Analytics.<\/p>\n\n\n\n<p>M\u00e1s informaci\u00f3n sobre cookies de publicidad de DoubleClick de AdSense<\/p>\n\n\n\n<p>Cookies de Google Analytics:<\/p>\n\n\n\n<p>El sitio web web utiliza cookies anal\u00edticas de terceros, en concreto, las del servicio de anal\u00edtica y medici\u00f3n denominado Google Analytics, una herramienta de an\u00e1lisis desarrollada y gestionada por la compa\u00f1\u00eda Google, Inc, que permite analizar el tr\u00e1fico y uso de la p\u00e1gina web, mediante la definici\u00f3n de m\u00e9tricas de actividad.<\/p>\n\n\n\n<p>Google Analytics es la herramienta de an\u00e1lisis que ayuda a los propietarios de sitios web y de aplicaciones a entender c\u00f3mo interact\u00faan los visitantes con sus propiedades. Esta herramienta puede utilizar un conjunto de cookies para recopilar informaci\u00f3n y ofrecer estad\u00edsticas de uso de los sitios web sin identificar personalmente a los visitantes de Google. La principal cookie que utiliza Google Analytics es \u00ab__ga\u00bb.<\/p>\n\n\n\n<p>Adem\u00e1s de para ofrecer estad\u00edsticas de uso de los sitios web, Google Analytics tambi\u00e9n se puede utilizar junto con algunas de las cookies publicitarias descritas anteriormente para mostrar anuncios m\u00e1s relevantes en las propiedades de Google (p. ej., en el buscador de Google) y en toda la Web.<\/p>\n\n\n\n<p>M\u00e1s informaci\u00f3n sobre las cookies de Google Analytics e informaci\u00f3n sobre la privacidad<\/p>\n\n\n\n<p>Cookies de redes sociales:<\/p>\n\n\n\n<p>El sitio web web utiliza tambi\u00e9n botones sociales que permiten al usuario compartir contenidos desde nuestra web a trav\u00e9s de redes sociales y p\u00e1ginas favoritas. Estos botones utilizan cookies t\u00e9cnicas de an\u00e1lisis y personalizaci\u00f3n que son desarrolladas y gestionadas por la empresa correspondiente:<\/p>\n\n\n\n<p>Tipo de botones Empresa responsable M\u00e1s informaci\u00f3n<br>Botones de Facebook Facebook, Inc Ver informaci\u00f3n<br>Botones de Twitter Twitter, Inc Ver informaci\u00f3n<br>Botones de Google Google, Inc Ver informaci\u00f3n<br>Botones de Linkedin LinkedIn Corporation Ver informaci\u00f3n<br>Botones de AddThis AddThis, Inc Ver informaci\u00f3n<br>Por tanto, las cookies de terceros utilizadas por el sitio web web son de la siguiente tipolog\u00eda:<\/p>\n\n\n\n<p>Cookies t\u00e9cnicas: Son aquellas que permiten al usuario la navegaci\u00f3n a trav\u00e9s de la p\u00e1gina web, plataforma o aplicaci\u00f3n, y la utilizaci\u00f3n de las diferentes opciones o servicios que en ella existan, como por ejemplo, identificar la sesi\u00f3n, acceder a partes de acceso restringido, o utilizar elementos de seguridad en la navegaci\u00f3n, entre otras finalidades.<br>Cookies de personalizaci\u00f3n: Son aquellas que permiten al usuario acceder al servicio con algunas caracter\u00edsticas de car\u00e1cter general predefinidas, como por ejemplo, el idioma o el tipo de navegador a trav\u00e9s del cual accede al servicio.<br>Cookies de an\u00e1lisis: Son aquellas que permiten cuantificar el n\u00famero de usuarios, y as\u00ed realizar la medici\u00f3n y an\u00e1lisis estad\u00edstico de la utilizaci\u00f3n que hacen los usuarios de el sitio web web, de sus servicios y contenidos. Para ello, se analiza la navegaci\u00f3n en nuestra p\u00e1gina web con el fin de mejorar nuestra oferta de productos, servicios y \/ o contenidos.<\/p>\n\n\n\n<p><strong>3.- Consentimiento al uso de cookies.<\/strong><\/p>\n\n\n\n<p>Al navegar y continuar en el sitio web web, el usuario estar\u00e1 consintiendo el uso de las cookies antes descritas, de acuerdo con las condiciones contenidas en la presente Pol\u00edtica de Cookies.<\/p>\n\n\n\n<p><strong>4.- Deshabilitaci\u00f3n y bloqueo de las cookies.<\/strong><\/p>\n\n\n\n<p>El usuario ostenta, en todo caso, la posibilidad de configurar su navegador para bloquear o deshabilitar el uso de las cookies, as\u00ed como para eliminarlas, activando la configuraci\u00f3n de su navegador que le permita rechazar las instalaci\u00f3n de todas las cookies, o de alguna de ellas.<\/p>\n\n\n\n<p>Asimismo, desde la configuraci\u00f3n de las opciones del navegador, el usuario puede conocer qu\u00e9 cookies tiene instaladas, y podr\u00e1 permitir la instalaci\u00f3n de cookies.<\/p>\n\n\n\n<p>Se informa al usuario que, en caso de proceder a la habilitaci\u00f3n o bloqueo de la totalidad de las cookies, o de alguna de ellas, ser\u00e1 posible la navegaci\u00f3n y uso de el sitio web web, si bien, algunos de los servicios o funcionalidades puestos a disposici\u00f3n del p\u00fablico a trav\u00e9s de la misma podr\u00e1n verse limitados, resultando en consecuencia menos satisfactoria la experiencia del usuario.<\/p>\n\n\n\n<p>Se informa a los usuarios que podr\u00e1n encontrar informaci\u00f3n sobre c\u00f3mo llevar a cabo la deshabilitaci\u00f3n y bloqueo de cookies, as\u00ed como eliminar las cookies instaladas en su equipo, conocer las cookies que tiene instaladas y permitir la instalaci\u00f3n de cookies, en los siguientes enlaces relacionados con los principales navegadores:<\/p>\n\n\n\n<p>Firefox desde http:\/\/support.mozilla.org\/es\/products\/firefox\/privacy-and-security\/cookies<\/p>\n\n\n\n<p>Chrome desde https:\/\/support.google.com\/chrome\/answer\/95647?hl=es<\/p>\n\n\n\n<p>Explorer desde http:\/\/windows.microsoft.com\/es-es\/windows7\/how-to-manage-cookies-in-internet-explorer-9<\/p>\n\n\n\n<p>Safari desde http:\/\/support.apple.com\/kb\/ph5042<\/p>","protected":false},"excerpt":{"rendered":"<p>1.- Informaci\u00f3n general sobre la navegaci\u00f3n con cookies. Los responsables de digihunting.com (el \u00absitio web\u00bb) ponen en conocimiento de los usuarios que dicho sitio utiliza una tecnolog\u00eda llamada \u201ccookies\u201d, con la finalidad de personalizar, mejorar la experiencia de navegaci\u00f3n y \/ o usabilidad, mejorar la seguridad, as\u00ed como recabar informaci\u00f3n acerca del uso del sitio [&hellip;]<\/p>\n","protected":false},"author":2,"featured_media":0,"parent":0,"menu_order":0,"comment_status":"closed","ping_status":"closed","template":"","meta":{"inline_featured_image":false,"_lmt_disableupdate":"","_lmt_disable":"","footnotes":""},"class_list":["post-11857","page","type-page","status-publish","hentry"],"yoast_head":"<!-- This site is optimized with the Yoast SEO plugin v27.2 - https:\/\/yoast.com\/product\/yoast-seo-wordpress\/ -->\n<title>Pol\u00edtica de cookies - DigiHunting<\/title>\n<meta name=\"robots\" content=\"index, follow, max-snippet:-1, max-image-preview:large, max-video-preview:-1\" \/>\n<link rel=\"canonical\" href=\"https:\/\/digihunting.com\/en\/politica-de-cookies\/\" \/>\n<meta property=\"og:locale\" content=\"en_GB\" \/>\n<meta property=\"og:type\" content=\"article\" \/>\n<meta property=\"og:title\" content=\"Pol\u00edtica de cookies - DigiHunting\" \/>\n<meta property=\"og:description\" content=\"1.- Informaci\u00f3n general sobre la navegaci\u00f3n con cookies. Los responsables de digihunting.com (el \u00absitio web\u00bb) ponen en conocimiento de los usuarios que dicho sitio utiliza una tecnolog\u00eda llamada \u201ccookies\u201d, con la finalidad de personalizar, mejorar la experiencia de navegaci\u00f3n y \/ o usabilidad, mejorar la seguridad, as\u00ed como recabar informaci\u00f3n acerca del uso del sitio [&hellip;]\" \/>\n<meta property=\"og:url\" content=\"https:\/\/digihunting.com\/en\/politica-de-cookies\/\" \/>\n<meta property=\"og:site_name\" content=\"DigiHunting\" \/>\n<meta property=\"article:modified_time\" content=\"2025-10-20T17:18:58+00:00\" \/>\n<meta name=\"twitter:card\" content=\"summary_large_image\" \/>\n<meta name=\"twitter:label1\" content=\"Estimated reading time\" \/>\n\t<meta name=\"twitter:data1\" content=\"9 minutes\" \/>\n<script type=\"application\/ld+json\" class=\"yoast-schema-graph\">{\"@context\":\"https:\/\/schema.org\",\"@graph\":[{\"@type\":\"WebPage\",\"@id\":\"https:\/\/digihunting.com\/politica-de-cookies\/\",\"url\":\"https:\/\/digihunting.com\/politica-de-cookies\/\",\"name\":\"Pol\u00edtica de cookies - DigiHunting\",\"isPartOf\":{\"@id\":\"https:\/\/digihunting.com\/#website\"},\"datePublished\":\"2025-10-20T17:18:57+00:00\",\"dateModified\":\"2025-10-20T17:18:58+00:00\",\"breadcrumb\":{\"@id\":\"https:\/\/digihunting.com\/politica-de-cookies\/#breadcrumb\"},\"inLanguage\":\"en-GB\",\"potentialAction\":[{\"@type\":\"ReadAction\",\"target\":[\"https:\/\/digihunting.com\/politica-de-cookies\/\"]}]},{\"@type\":\"BreadcrumbList\",\"@id\":\"https:\/\/digihunting.com\/politica-de-cookies\/#breadcrumb\",\"itemListElement\":[{\"@type\":\"ListItem\",\"position\":1,\"name\":\"Portada\",\"item\":\"https:\/\/digihunting.com\/\"},{\"@type\":\"ListItem\",\"position\":2,\"name\":\"Pol\u00edtica de cookies\"}]},{\"@type\":\"WebSite\",\"@id\":\"https:\/\/digihunting.com\/#website\",\"url\":\"https:\/\/digihunting.com\/\",\"name\":\"DigiHunting\",\"description\":\"Matching Talent, Matching People\",\"publisher\":{\"@id\":\"https:\/\/digihunting.com\/#organization\"},\"potentialAction\":[{\"@type\":\"SearchAction\",\"target\":{\"@type\":\"EntryPoint\",\"urlTemplate\":\"https:\/\/digihunting.com\/?s={search_term_string}\"},\"query-input\":{\"@type\":\"PropertyValueSpecification\",\"valueRequired\":true,\"valueName\":\"search_term_string\"}}],\"inLanguage\":\"en-GB\"},{\"@type\":\"Organization\",\"@id\":\"https:\/\/digihunting.com\/#organization\",\"name\":\"DigiHunting\",\"url\":\"https:\/\/digihunting.com\/\",\"logo\":{\"@type\":\"ImageObject\",\"inLanguage\":\"en-GB\",\"@id\":\"https:\/\/digihunting.com\/#\/schema\/logo\/image\/\",\"url\":\"https:\/\/digihunting.com\/wp-content\/uploads\/2023\/08\/Logo-DigiHunting-Vertical-Color.png\",\"contentUrl\":\"https:\/\/digihunting.com\/wp-content\/uploads\/2023\/08\/Logo-DigiHunting-Vertical-Color.png\",\"width\":1617,\"height\":756,\"caption\":\"DigiHunting\"},\"image\":{\"@id\":\"https:\/\/digihunting.com\/#\/schema\/logo\/image\/\"},\"sameAs\":[\"https:\/\/www.linkedin.com\/company\/digihunting\/\"]}]}<\/script>\n<!-- \/ Yoast SEO plugin. -->","yoast_head_json":{"title":"Pol\u00edtica de cookies - DigiHunting","robots":{"index":"index","follow":"follow","max-snippet":"max-snippet:-1","max-image-preview":"max-image-preview:large","max-video-preview":"max-video-preview:-1"},"canonical":"https:\/\/digihunting.com\/en\/politica-de-cookies\/","og_locale":"en_GB","og_type":"article","og_title":"Pol\u00edtica de cookies - DigiHunting","og_description":"1.- Informaci\u00f3n general sobre la navegaci\u00f3n con cookies. Los responsables de digihunting.com (el \u00absitio web\u00bb) ponen en conocimiento de los usuarios que dicho sitio utiliza una tecnolog\u00eda llamada \u201ccookies\u201d, con la finalidad de personalizar, mejorar la experiencia de navegaci\u00f3n y \/ o usabilidad, mejorar la seguridad, as\u00ed como recabar informaci\u00f3n acerca del uso del sitio [&hellip;]","og_url":"https:\/\/digihunting.com\/en\/politica-de-cookies\/","og_site_name":"DigiHunting","article_modified_time":"2025-10-20T17:18:58+00:00","twitter_card":"summary_large_image","twitter_misc":{"Estimated reading time":"9 minutes"},"schema":{"@context":"https:\/\/schema.org","@graph":[{"@type":"WebPage","@id":"https:\/\/digihunting.com\/politica-de-cookies\/","url":"https:\/\/digihunting.com\/politica-de-cookies\/","name":"Pol\u00edtica de cookies - DigiHunting","isPartOf":{"@id":"https:\/\/digihunting.com\/#website"},"datePublished":"2025-10-20T17:18:57+00:00","dateModified":"2025-10-20T17:18:58+00:00","breadcrumb":{"@id":"https:\/\/digihunting.com\/politica-de-cookies\/#breadcrumb"},"inLanguage":"en-GB","potentialAction":[{"@type":"ReadAction","target":["https:\/\/digihunting.com\/politica-de-cookies\/"]}]},{"@type":"BreadcrumbList","@id":"https:\/\/digihunting.com\/politica-de-cookies\/#breadcrumb","itemListElement":[{"@type":"ListItem","position":1,"name":"Portada","item":"https:\/\/digihunting.com\/"},{"@type":"ListItem","position":2,"name":"Pol\u00edtica de cookies"}]},{"@type":"WebSite","@id":"https:\/\/digihunting.com\/#website","url":"https:\/\/digihunting.com\/","name":"DigiHunting","description":"Matching Talent, Matching People","publisher":{"@id":"https:\/\/digihunting.com\/#organization"},"potentialAction":[{"@type":"SearchAction","target":{"@type":"EntryPoint","urlTemplate":"https:\/\/digihunting.com\/?s={search_term_string}"},"query-input":{"@type":"PropertyValueSpecification","valueRequired":true,"valueName":"search_term_string"}}],"inLanguage":"en-GB"},{"@type":"Organization","@id":"https:\/\/digihunting.com\/#organization","name":"DigiHunting","url":"https:\/\/digihunting.com\/","logo":{"@type":"ImageObject","inLanguage":"en-GB","@id":"https:\/\/digihunting.com\/#\/schema\/logo\/image\/","url":"https:\/\/digihunting.com\/wp-content\/uploads\/2023\/08\/Logo-DigiHunting-Vertical-Color.png","contentUrl":"https:\/\/digihunting.com\/wp-content\/uploads\/2023\/08\/Logo-DigiHunting-Vertical-Color.png","width":1617,"height":756,"caption":"DigiHunting"},"image":{"@id":"https:\/\/digihunting.com\/#\/schema\/logo\/image\/"},"sameAs":["https:\/\/www.linkedin.com\/company\/digihunting\/"]}]}},"_links":{"self":[{"href":"https:\/\/digihunting.com\/en\/wp-json\/wp\/v2\/pages\/11857","targetHints":{"allow":["GET"]}}],"collection":[{"href":"https:\/\/digihunting.com\/en\/wp-json\/wp\/v2\/pages"}],"about":[{"href":"https:\/\/digihunting.com\/en\/wp-json\/wp\/v2\/types\/page"}],"author":[{"embeddable":true,"href":"https:\/\/digihunting.com\/en\/wp-json\/wp\/v2\/users\/2"}],"replies":[{"embeddable":true,"href":"https:\/\/digihunting.com\/en\/wp-json\/wp\/v2\/comments?post=11857"}],"version-history":[{"count":1,"href":"https:\/\/digihunting.com\/en\/wp-json\/wp\/v2\/pages\/11857\/revisions"}],"predecessor-version":[{"id":11858,"href":"https:\/\/digihunting.com\/en\/wp-json\/wp\/v2\/pages\/11857\/revisions\/11858"}],"wp:attachment":[{"href":"https:\/\/digihunting.com\/en\/wp-json\/wp\/v2\/media?parent=11857"}],"curies":[{"name":"wp","href":"https:\/\/api.w.org\/{rel}","templated":true}]}}